{"id":10393,"date":"2025-05-08T17:37:03","date_gmt":"2025-05-08T14:37:03","guid":{"rendered":"https:\/\/extremeprotein.online\/?post_type=product&#038;p=10393"},"modified":"2025-05-08T17:37:03","modified_gmt":"2025-05-08T14:37:03","slug":"nutrend-collagen-liquid-pomeranc-500-ml","status":"publish","type":"product","link":"https:\/\/extremeprotein.online\/ar\/product\/nutrend-collagen-liquid-pomeranc-500-ml\/","title":{"rendered":"Nutrend Collagen Liquid pomeran\u010d 500 ml"},"content":{"rendered":"<h1>\u064a\u0639\u0645\u0644 \u0639\u0644\u0649 \u062a\u0634\u0643\u064a\u0644 \u0627\u0644\u0643\u0648\u0644\u0627\u062c\u064a\u0646 \u0627\u0644\u0645\u062a\u062d\u0644\u0644 \u0645\u0627\u0626\u064a\u064b\u0627 Nutrend Collagen Liquid \u0645\u0646 \u062e\u0644\u0627\u0644 \u062a\u0631\u0637\u064a\u0628 \u0627\u0644\u0628\u0634\u0631\u0629 \u0628\u0627\u0633\u062a\u062e\u062f\u0627\u0645 \u0627\u0644\u0628\u0628\u062a\u064a\u062f \u0627\u0644\u0643\u0648\u0644\u0627\u062c\u064a\u0646\u064a \u0648\u0641\u064a\u062a\u0627\u0645\u064a\u0646 C \u0648B6 \u0648B12 \u0648\u0627\u0644\u0628\u064a\u0648\u062a\u064a\u0646 \u0648\u0645\u0627 \u0625\u0644\u0649 \u0630\u0644\u0643. \u0627\u0644\u0643\u0648\u0644\u0627\u062c\u064a\u0646 \u0647\u0648 \u0628\u0631\u0648\u062a\u064a\u0646 \u0647\u064a\u0643\u0644\u064a \u0644\u0637\u064a\u0641\u060c \u0648\u0647\u0648 \u0639\u0628\u0627\u0631\u0629 \u0639\u0646 \u0628\u0631\u0648\u062a\u064a\u0646 \u0642\u0648\u064a \u0648\u0645\u063a\u0630\u064a\u060c \u0645\u062b\u0644 \u0627\u0644\u0637\u0639\u0627\u0645\u060c \u0648\u0627\u0644\u0644\u062d\u0648\u0645\u060c \u0648\u0627\u0644\u0623\u0639\u0634\u0627\u0628. \u062a\u0639\u0645\u0644 \u0647\u0630\u0647 \u0627\u0644\u0648\u0638\u064a\u0641\u0629 \u0639\u0644\u0649 \u062a\u0639\u0632\u064a\u0632 \u0627\u0644\u0645\u0631\u0648\u0646\u0629 \u0627\u0644\u062a\u0642\u0646\u064a\u0629\u060c \u0644\u0630\u0627 \u0641\u0647\u064a \u0639\u0628\u0627\u0631\u0629 \u0639\u0646 \u0646\u0642\u0631\u0629 \u0645\u0646 \u0623\u062c\u0644 \u0627\u0644\u062d\u0641\u0627\u0638 \u0639\u0644\u0649 \u0627\u0644\u0646\u0632\u0627\u0647\u0629 \u0648\u0627\u0644\u0648\u0638\u064a\u0641\u0629 \u0627\u0644\u0645\u062b\u0627\u0644\u064a\u0629. \u064a\u0631\u062c\u0649 \u0645\u0644\u0627\u062d\u0638\u0629 \u0623\u0646\u0647 \u062a\u0645 \u0625\u0646\u062a\u0627\u062c \u0627\u0644\u0645\u0646\u062a\u062c \u0627\u0644\u0623\u0648\u0644. \u064a\u0633\u0627\u0639\u062f \u0641\u064a\u062a\u0627\u0645\u064a\u0646 C \u0639\u0644\u0649 \u062a\u0639\u0632\u064a\u0632 \u0627\u0644\u0643\u0648\u0644\u0627\u062c\u064a\u0646 \u0644\u0644\u0648\u0638\u0627\u0626\u0641 \u0627\u0644\u0637\u0628\u064a\u0639\u064a\u0629 \u0644\u0644\u062c\u0633\u0645 \u0648\u0627\u0644\u062c\u0633\u0645 \u0648\u0627\u0644\u062c\u0644\u062f \u0648\u0627\u0644\u0634\u0639\u0631 \u0648\u0627\u0644\u0623\u0633\u0646\u0627\u0646 \u0648\u0627\u0644\u062c\u0633\u0645. \u064a\u0639\u0632\u0632 \u0641\u064a\u062a\u0627\u0645\u064a\u0646 B6 \u0648B12 \u0645\u0646 \u0641\u064a\u062a\u0627\u0645\u064a\u0646 C \u0627\u0644\u0648\u0638\u0627\u0626\u0641 \u0627\u0644\u0637\u0628\u064a\u0639\u064a\u0629 \u0644\u0646\u0638\u0627\u0645 \u0627\u0644\u0645\u0646\u0627\u0639\u0629. Zmi\u0148ovan\u00e9 \u0641\u064a\u062a\u0627\u0645\u064a\u0646\u064a rovn\u011b\u017e p\u0159isp\u00edvaj\u00ed ke sn\u00ed\u017een\u00ed \u00fanavy and vy\u010derp\u00e1n\u00ed. \u064a\u0639\u0645\u0644 \u0627\u0644\u0628\u064a\u0648\u062a\u064a\u0646 \u0639\u0644\u0649 \u062a\u0631\u0637\u064a\u0628 \u0627\u0644\u0628\u0634\u0631\u0629 \u0628\u0634\u0643\u0644 \u0637\u0628\u064a\u0639\u064a. \u0623\u0648\u062f \u0623\u0646 \u0623\u0630\u0643\u0631\u0643\u0645 \u0628\u0623\u0646 \u0623\u0641\u0636\u0644 \u0627\u0644\u0646\u062a\u0627\u0626\u062c \u0627\u0644\u0645\u0645\u0643\u0646\u0629 \u0642\u062f \u062a\u0645 \u0625\u0639\u0637\u0627\u0624\u0647\u0627 \u0644\u0644\u0623\u0635\u0628\u0627\u063a \u0627\u0644\u0639\u0627\u062f\u064a\u0629 \u0627\u0644\u0645\u0633\u062a\u062e\u062f\u0645\u0629 \u0641\u064a poko\u017eky.<\/h1>","protected":false},"excerpt":{"rendered":"<p>\u064a\u0639\u0645\u0644 \u0639\u0644\u0649 \u062a\u0634\u0643\u064a\u0644 \u0627\u0644\u0643\u0648\u0644\u0627\u062c\u064a\u0646 \u0627\u0644\u0645\u062a\u062d\u0644\u0644 \u0645\u0627\u0626\u064a\u064b\u0627 Nutrend Collagen Liquid \u0645\u0646 \u062e\u0644\u0627\u0644 \u062a\u0631\u0637\u064a\u0628 \u0627\u0644\u0628\u0634\u0631\u0629 \u0628\u0627\u0633\u062a\u062e\u062f\u0627\u0645 \u0627\u0644\u0628\u0628\u062a\u064a\u062f \u0627\u0644\u0643\u0648\u0644\u0627\u062c\u064a\u0646\u064a \u0648\u0641\u064a\u062a\u0627\u0645\u064a\u0646 C \u0648B6 \u0648B12 \u0648\u0627\u0644\u0628\u064a\u0648\u062a\u064a\u0646 \u0648\u0645\u0627 \u0625\u0644\u0649 \u0630\u0644\u0643. \u0627\u0644\u0643\u0648\u0644\u0627\u062c\u064a\u0646 \u0647\u0648 \u0628\u0631\u0648\u062a\u064a\u0646 \u0647\u064a\u0643\u0644\u064a \u0644\u0637\u064a\u0641\u060c \u0648\u0647\u0648 \u0639\u0628\u0627\u0631\u0629 \u0639\u0646 \u0628\u0631\u0648\u062a\u064a\u0646 \u0642\u0648\u064a \u0648\u0645\u063a\u0630\u064a\u060c \u0645\u062b\u0644 \u0627\u0644\u0637\u0639\u0627\u0645\u060c \u0648\u0627\u0644\u0644\u062d\u0648\u0645\u060c \u0648\u0627\u0644\u0623\u0639\u0634\u0627\u0628. \u062a\u0639\u0645\u0644 \u0647\u0630\u0647 \u0627\u0644\u0648\u0638\u064a\u0641\u0629 \u0639\u0644\u0649 \u062a\u0639\u0632\u064a\u0632 \u0627\u0644\u0645\u0631\u0648\u0646\u0629 \u0627\u0644\u062a\u0642\u0646\u064a\u0629\u060c \u0644\u0630\u0627 \u0641\u0647\u064a \u0639\u0628\u0627\u0631\u0629 \u0639\u0646 \u0646\u0642\u0631\u0629 \u0645\u0646 \u0623\u062c\u0644 \u0627\u0644\u062d\u0641\u0627\u0638 \u0639\u0644\u0649 &hellip; <\/p>\n<p class=\"more-link-wrap\"><a href=\"https:\/\/extremeprotein.online\/ar\/product\/nutrend-collagen-liquid-pomeranc-500-ml\/\" class=\"more-link\"><i class=\"opal-icon-plus\" aria-hidden=\"true\"><\/i><span>Read More<span class=\"screen-reader-text\"> &#8220;Nutrend Collagen Liquid pomeran\u010d 500 ml&#8221;<\/span><\/span><\/a><\/p>","protected":false},"featured_media":10395,"comment_status":"open","ping_status":"closed","template":"","meta":{"om_disable_all_campaigns":false,"inline_featured_image":false,"_monsterinsights_skip_tracking":false,"_monsterinsights_sitenote_active":false,"_monsterinsights_sitenote_note":"","_monsterinsights_sitenote_category":0,"_uf_show_specific_survey":0,"_uf_disable_surveys":false},"product_cat":[374],"product_tag":[],"aioseo_notices":[],"jetpack_sharing_enabled":true,"_links":{"self":[{"href":"https:\/\/extremeprotein.online\/ar\/wp-json\/wp\/v2\/product\/10393"}],"collection":[{"href":"https:\/\/extremeprotein.online\/ar\/wp-json\/wp\/v2\/product"}],"about":[{"href":"https:\/\/extremeprotein.online\/ar\/wp-json\/wp\/v2\/types\/product"}],"replies":[{"embeddable":true,"href":"https:\/\/extremeprotein.online\/ar\/wp-json\/wp\/v2\/comments?post=10393"}],"wp:featuredmedia":[{"embeddable":true,"href":"https:\/\/extremeprotein.online\/ar\/wp-json\/wp\/v2\/media\/10395"}],"wp:attachment":[{"href":"https:\/\/extremeprotein.online\/ar\/wp-json\/wp\/v2\/media?parent=10393"}],"wp:term":[{"taxonomy":"product_cat","embeddable":true,"href":"https:\/\/extremeprotein.online\/ar\/wp-json\/wp\/v2\/product_cat?post=10393"},{"taxonomy":"product_tag","embeddable":true,"href":"https:\/\/extremeprotein.online\/ar\/wp-json\/wp\/v2\/product_tag?post=10393"}],"curies":[{"name":"wp","href":"https:\/\/api.w.org\/{rel}","templated":true}]}}